{"id":62576,"date":"2022-04-19T14:09:49","date_gmt":"2022-04-19T14:09:49","guid":{"rendered":"https:\/\/fitness.olympland.cz\/?page_id=62576"},"modified":"2022-04-20T12:02:40","modified_gmt":"2022-04-20T12:02:40","slug":"novy-system","status":"publish","type":"page","link":"https:\/\/fitness.olympland.cz\/pl\/novy-system\/","title":{"rendered":"Nov\u00fd syst\u00e9m"},"content":{"rendered":"<p>[et_pb_section fb_built=&#8220;1&#8243; _builder_version=&#8220;4.9.4&#8243; _module_preset=&#8220;default&#8220; background_color=&#8220;rgba(0,0,0,0.89)&#8220; background_image=&#8220;https:\/\/fitness.olympland.cz\/wp-content\/uploads\/sites\/10\/2022\/03\/gym-17-1.jpg&#8220; background_blend=&#8220;soft-light&#8220; custom_padding=&#8220;||0px|||&#8220; da_disable_devices=&#8220;off|off|off&#8220; locked=&#8220;off&#8220; global_colors_info=&#8220;{}&#8220; da_is_popup=&#8220;off&#8220; da_exit_intent=&#8220;off&#8220; da_has_close=&#8220;on&#8220; da_alt_close=&#8220;off&#8220; da_dark_close=&#8220;off&#8220; da_not_modal=&#8220;on&#8220; da_is_singular=&#8220;off&#8220; da_with_loader=&#8220;off&#8220; da_has_shadow=&#8220;on&#8220;][et_pb_row _builder_version=&#8220;4.9.10&#8243; _module_preset=&#8220;default&#8220; width=&#8220;90%&#8220; max_width=&#8220;1200px&#8220; custom_padding=&#8220;62px||62px||true|false&#8220; global_colors_info=&#8220;{}&#8220;][et_pb_column type=&#8220;4_4&#8243; _builder_version=&#8220;4.9.4&#8243; _module_preset=&#8220;default&#8220; global_colors_info=&#8220;{}&#8220;][et_pb_text _builder_version=&#8220;4.14.8&#8243; _module_preset=&#8220;default&#8220; text_font=&#8220;Poppins|700||on|||||&#8220; text_font_size=&#8220;85px&#8220; background_layout=&#8220;dark&#8220; text_font_size_tablet=&#8220;96px&#8220; text_font_size_phone=&#8220;50px&#8220; text_font_size_last_edited=&#8220;on|tablet&#8220; text_orientation_tablet=&#8220;center&#8220; text_orientation_phone=&#8220;&#8220; text_orientation_last_edited=&#8220;on|tablet&#8220; custom_css_main_element=&#8220;-webkit-text-stroke: 1px rgba(214,214,214,0.5);||    position: absolute;||    top: 3%;||    left: 50%;||    transform: translate(-50%,-50%);||    z-index: -1;||    width: 100%;||&#8220; locked=&#8220;off&#8220; global_colors_info=&#8220;{}&#8220; custom_css_main_element_last_edited=&#8220;on|phone&#8220; custom_css_main_element_phone=&#8220;-webkit-text-stroke: 1px rgba(214,214,214,0.5);||    position: absolute;||    top: 0%;||    left: 50%;||    transform: translate(-50%,-50%);||    z-index: -1;||    width: 100%;&#8220; custom_css_main_element_tablet=&#8220;-webkit-text-stroke: 1px rgba(214,214,214,0.5);||    position: absolute;||    top: 3%;||    left: 50%;||    transform: translate(-50%,-50%);||    z-index: -1;||    width: 100%;||&#8220;]<\/p>\n<p>Nov\u00fd syst\u00e9m<\/p>\n<p>[\/et_pb_text][\/et_pb_column][\/et_pb_row][\/et_pb_section][et_pb_section fb_built=&#8220;1&#8243; _builder_version=&#8220;4.14.8&#8243; _module_preset=&#8220;default&#8220; da_disable_devices=&#8220;off|off|off&#8220; global_colors_info=&#8220;{}&#8220; da_is_popup=&#8220;off&#8220; da_exit_intent=&#8220;off&#8220; da_has_close=&#8220;on&#8220; da_alt_close=&#8220;off&#8220; da_dark_close=&#8220;off&#8220; da_not_modal=&#8220;on&#8220; da_is_singular=&#8220;off&#8220; da_with_loader=&#8220;off&#8220; da_has_shadow=&#8220;on&#8220;][et_pb_row use_custom_gutter=&#8220;on&#8220; gutter_width=&#8220;2&#8243; make_equal=&#8220;on&#8220; _builder_version=&#8220;4.9.10&#8243; _module_preset=&#8220;default&#8220; custom_padding=&#8220;||0px||false|false&#8220; global_colors_info=&#8220;{}&#8220;][et_pb_column type=&#8220;4_4&#8243; _builder_version=&#8220;4.9.4&#8243; _module_preset=&#8220;default&#8220; global_colors_info=&#8220;{}&#8220;][et_pb_text _builder_version=&#8220;4.14.8&#8243; _module_preset=&#8220;default&#8220; text_font=&#8220;Poppins|700|||||||&#8220; text_text_color=&#8220;#111111&#8243; text_font_size=&#8220;50px&#8220; text_line_height=&#8220;64px&#8220; custom_margin=&#8220;||25px||false|false&#8220; custom_margin_tablet=&#8220;&#8220; custom_margin_phone=&#8220;||15px||false|false&#8220; custom_margin_last_edited=&#8220;on|phone&#8220; text_font_size_tablet=&#8220;40px&#8220; text_font_size_phone=&#8220;25px&#8220; text_font_size_last_edited=&#8220;on|tablet&#8220; text_line_height_tablet=&#8220;&#8220; text_line_height_phone=&#8220;30px&#8220; text_line_height_last_edited=&#8220;on|phone&#8220; text_orientation_tablet=&#8220;center&#8220; text_orientation_phone=&#8220;&#8220; text_orientation_last_edited=&#8220;on|tablet&#8220; locked=&#8220;off&#8220; global_colors_info=&#8220;{}&#8220;]<\/p>\n<p>Syst\u00e9m ve zkratce<\/p>\n<p>[\/et_pb_text][et_pb_text _builder_version=&#8220;4.14.8&#8243; _module_preset=&#8220;default&#8220; text_font=&#8220;Poppins||||||||&#8220; text_text_color=&#8220;#777777&#8243; text_font_size=&#8220;15px&#8220; text_orientation_tablet=&#8220;center&#8220; text_orientation_phone=&#8220;&#8220; text_orientation_last_edited=&#8220;on|tablet&#8220; global_colors_info=&#8220;{}&#8220;]<\/p>\n<p>Cel\u00fd nov\u00fd syst\u00e9m se odehr\u00e1v\u00e1 na internetov\u00e9 str\u00e1nce rezervace.olympland.cz. Zde si budete moci zakupovat \u010dlenstv\u00ed, permanentky, dob\u00edjet kredit a rezervovat sportovi\u0161t\u011b.<\/p>\n<p>Zde m\u016f\u017eete vid\u011bt 3 varianty vstupu ve zkratce. Dal\u0161\u00ed informace naleznete v \u010dast\u00fdch dotazech dole. Pokud V\u00e1m n\u011bco nen\u00ed jasn\u00e9, pros\u00edm kontaktujte n\u00e1s emailem na fitness.olympland.cz<\/p>\n<p>[\/et_pb_text][et_pb_text _builder_version=&#8220;4.14.8&#8243; _module_preset=&#8220;default&#8220; text_font=&#8220;Poppins||||||||&#8220; text_text_color=&#8220;#777777&#8243; text_font_size=&#8220;15px&#8220; text_orientation_tablet=&#8220;center&#8220; text_orientation_phone=&#8220;&#8220; text_orientation_last_edited=&#8220;on|tablet&#8220; locked=&#8220;off&#8220; global_colors_info=&#8220;{}&#8220;]<\/p>\n<h3>1. Bez registrace online<\/h3>\n<div><\/div>\n<div>\n<p>&#8211; M\u016f\u017eete p\u0159ij\u00edt kdykoliv do fitness centra a zakoupit jednor\u00e1zov\u00e9 vstupn\u00e9 v\u00a0termin\u00e1lu ve vstupu do fitness centra.<\/p>\n<p>&#8211; K dipozici budou: 1 vstup &#8211; 140K\u010d, 2 vstupy &#8211; 260 K\u010d, 3 vstupy &#8211; 360 K\u010d, 4 vstupy &#8211; 440 K\u010d<\/p>\n<p>&#8211; Sportovi\u0161t\u011b, nelze rezervovat bez registrace. V\u0161echna sportovi\u0161t\u011b (squash, badminton, ricochet, hala) m\u016f\u017eete vyu\u017e\u00edvat zdarma, ale pokud p\u0159ijde host s\u00a0platnou rezervac\u00ed, mus\u00edte sportovi\u0161t\u011b opustit.<\/p>\n<h3>2. S registrac\u00ed bez n\u00e1kupu \u010dlenstv\u00ed<\/h3>\n<p>&#8211; Po vytvo\u0159en\u00ed \u00fa\u010dtu a vyzvednut\u00ed klubov\u00e9 karty budete m\u00edt status registrovan\u00e9ho u\u017eivatele<\/p>\n<p>&#8211; D\u00edky registraci m\u016f\u017eete vyu\u017e\u00edvat v\u00fdhodn\u00e9ho jednor\u00e1zov\u00e9ho vstupn\u00e9ho &#8211; 90K\u010d a rezervace sportovi\u0161\u0165 p\u0159i platb\u011b kreditem<\/p>\n<p>&#8211; Klubovou kartu budete vyu\u017e\u00edvat ke vstupu do fitness centra a tak\u00e9 v\u00a0p\u0159\u00edpad\u011b \u00fa\u010dasti na skupinov\u00fdch lekc\u00edch.<\/p>\n<p>&#8211; Na sv\u00e9m osobn\u00edm \u00fa\u010dtu si m\u016f\u017eete dob\u00edt kredit na \u00fa\u010det pomoc\u00ed online platby platebn\u00ed kartou nebo bankovn\u00edm tla\u010d\u00edtkem.<\/p>\n<p>&#8211; Syst\u00e9m V\u00e1m automaticky ode\u010dte kredit ve v\u00fd\u0161i ceny vstupu.<\/p>\n<h3>3. S registrac\u00ed s aktivn\u00edm \u010dlenstv\u00edm<\/h3>\n<p>&#8211; Po registraci si m\u00e1te mo\u017enost zakoupit \u010dlenstv\u00ed.<\/p>\n<p>&#8211; M\u00e1me 3 \u010dlenstv\u00ed &#8211; \u010dtrtletn\u00ed &#8211; 400K\u010d, pololetn\u00ed &#8211; 600 K\u010d a ro\u010dn\u00ed &#8211; 1000K\u010d.<\/p>\n<p>&#8211; \u010clenstv\u00ed je \u010dlensk\u00fd poplatek, d\u00edky kter\u00e9mu m\u00e1te mo\u017enost n\u00e1kupu permanentek, je\u0161t\u011b v\u00fdhodn\u011bj\u0161\u00edch jednor\u00e1zov\u00fdch vstup\u016f &#8211; 85K\u010d a slev 50% na rezervaci sportovi\u0161t\u011b.<\/p>\n<p>&#8211; Po n\u00e1kupu \u010dlenstv\u00ed dostanete na \u00fa\u010det bonus 1 vstupu zdarma<\/p>\n<p>&#8211; 10ti a 20ti vstupov\u00e9 permanentky je mo\u017en\u00e9 zakoupit s\u00a0aktivn\u00edm \u010dlenstv\u00edm online ve Va\u0161em \u00fa\u010dtu nebo hotov\u011b na recepci v Olympland\u00a0hotelu. Stoj\u00ed 10ti vstupov\u00e1 770K\u010d a 20ti vstupov\u00e1 1400K\u010d.<\/p>\n<p>&#8211; Syst\u00e9m V\u00e1m automaticky ode\u010dte bu\u010f vstup z\u00a0permanentky nebo ode\u010dte kredit ve v\u00fd\u0161i ceny vstupu.<\/p>\n<p>&#8211; Bez aktivn\u00edho \u010dlenstv\u00ed nen\u00ed mo\u017en\u00e9 zakoupit permanentky.<\/p>\n<\/div>\n<p>[\/et_pb_text][\/et_pb_column][\/et_pb_row][\/et_pb_section][et_pb_section fb_built=&#8220;1&#8243; admin_label=&#8220;Section&#8220; module_class=&#8220;faq&#8220; _builder_version=&#8220;4.14.8&#8243; _module_preset=&#8220;default&#8220; da_disable_devices=&#8220;off|off|off&#8220; global_module=&#8220;62591&#8243; global_colors_info=&#8220;{}&#8220; da_is_popup=&#8220;off&#8220; da_exit_intent=&#8220;off&#8220; da_has_close=&#8220;on&#8220; da_alt_close=&#8220;off&#8220; da_dark_close=&#8220;off&#8220; da_not_modal=&#8220;on&#8220; da_is_singular=&#8220;off&#8220; da_with_loader=&#8220;off&#8220; da_has_shadow=&#8220;on&#8220;][et_pb_row column_structure=&#8220;1_2,1_2&#8243; use_custom_gutter=&#8220;on&#8220; gutter_width=&#8220;2&#8243; _builder_version=&#8220;4.14.8&#8243; _module_preset=&#8220;default&#8220; width=&#8220;90%&#8220; max_width=&#8220;1200px&#8220; global_colors_info=&#8220;{}&#8220;][et_pb_column type=&#8220;1_2&#8243; _builder_version=&#8220;4.9.4&#8243; _module_preset=&#8220;default&#8220; global_colors_info=&#8220;{}&#8220;][et_pb_image src=&#8220;https:\/\/fitness.olympland.cz\/wp-content\/uploads\/sites\/10\/2022\/03\/gym-02.jpg&#8220; title_text=&#8220;gym-02&#8243; align_tablet=&#8220;center&#8220; align_phone=&#8220;&#8220; align_last_edited=&#8220;on|tablet&#8220; module_class=&#8220;fitnessfaq_section2_accordion_image&#8220; _builder_version=&#8220;4.9.4&#8243; _module_preset=&#8220;default&#8220; global_colors_info=&#8220;{}&#8220;][\/et_pb_image][\/et_pb_column][et_pb_column type=&#8220;1_2&#8243; _builder_version=&#8220;4.9.4&#8243; _module_preset=&#8220;default&#8220; global_colors_info=&#8220;{}&#8220;][et_pb_text _builder_version=&#8220;4.9.4&#8243; _module_preset=&#8220;default&#8220; text_font=&#8220;Poppins|700||on|||||&#8220; text_font_size=&#8220;85px&#8220; background_layout=&#8220;dark&#8220; text_font_size_tablet=&#8220;96px&#8220; text_font_size_phone=&#8220;50px&#8220; text_font_size_last_edited=&#8220;on|tablet&#8220; text_orientation_tablet=&#8220;center&#8220; text_orientation_phone=&#8220;&#8220; text_orientation_last_edited=&#8220;on|tablet&#8220; custom_css_main_element=&#8220;-webkit-text-stroke: 1px rgba(214,214,214,0.5);||    position: absolute;||    top: 3%;||    left: 50%;||    transform: translate(-50%,-50%);||    z-index: -1;||    width: 100%;||&#8220; locked=&#8220;off&#8220; global_colors_info=&#8220;{}&#8220; custom_css_main_element_last_edited=&#8220;on|phone&#8220; custom_css_main_element_phone=&#8220;-webkit-text-stroke: 1px rgba(214,214,214,0.5);||    position: absolute;||    top: 0%;||    left: 50%;||    transform: translate(-50%,-50%);||    z-index: -1;||    width: 100%;&#8220; custom_css_main_element_tablet=&#8220;-webkit-text-stroke: 1px rgba(214,214,214,0.5);||    position: absolute;||    top: 3%;||    left: 50%;||    transform: translate(-50%,-50%);||    z-index: -1;||    width: 100%;||&#8220;]<\/p>\n<p>ot\u00e1zky<\/p>\n<p>[\/et_pb_text][et_pb_text _builder_version=&#8220;4.14.8&#8243; _module_preset=&#8220;default&#8220; text_font=&#8220;Poppins|700|||||||&#8220; text_text_color=&#8220;#111111&#8243; text_font_size=&#8220;54px&#8220; text_line_height=&#8220;64px&#8220; custom_margin=&#8220;||5px||false|false&#8220; text_font_size_tablet=&#8220;40px&#8220; text_font_size_phone=&#8220;25px&#8220; text_font_size_last_edited=&#8220;on|tablet&#8220; text_line_height_tablet=&#8220;45px&#8220; text_line_height_phone=&#8220;30px&#8220; text_line_height_last_edited=&#8220;on|phone&#8220; text_orientation_tablet=&#8220;center&#8220; text_orientation_phone=&#8220;&#8220; text_orientation_last_edited=&#8220;on|tablet&#8220; locked=&#8220;off&#8220; global_colors_info=&#8220;{}&#8220;]<\/p>\n<p>\u010cAST\u00c9 DOTAZY<\/p>\n<p>[\/et_pb_text][et_pb_text _builder_version=&#8220;4.9.4&#8243; _module_preset=&#8220;default&#8220; text_font=&#8220;Poppins||||||||&#8220; text_text_color=&#8220;#777777&#8243; text_font_size=&#8220;16px&#8220; text_line_height=&#8220;2em&#8220; custom_margin=&#8220;||30px||false|false&#8220; text_orientation_tablet=&#8220;center&#8220; text_orientation_phone=&#8220;&#8220; text_orientation_last_edited=&#8220;on|tablet&#8220; locked=&#8220;off&#8220; global_colors_info=&#8220;{}&#8220;]<\/p>\n<p>Pokud V\u00e1m n\u011bco nen\u00ed jasn\u00e9, pros\u00edm p\u0159e\u010dt\u011bte si nejd\u0159\u00edve \u010dast\u00e9 dotazy. Pokud nenajdete odpov\u011b\u010f, napi\u0161te n\u00e1m a my V\u00e1m co nejd\u0159\u00edve odpov\u00edme.<\/p>\n<p>[\/et_pb_text][et_pb_accordion open_toggle_text_color=&#8220;#cf5b05&#8243; closed_toggle_text_color=&#8220;#FFFFFF&#8220; closed_toggle_background_color=&#8220;#cf5b05&#8243; module_class=&#8220;fitnessfaq_section2_accordion&#8220; _builder_version=&#8220;4.14.8&#8243; _module_preset=&#8220;default&#8220; toggle_text_color=&#8220;#000000&#8243; toggle_font=&#8220;Poppins|600|||||||&#8220; toggle_line_height=&#8220;2em&#8220; closed_toggle_font=&#8220;Poppins||||||||&#8220; closed_toggle_line_height=&#8220;2em&#8220; body_font=&#8220;Poppins||||||||&#8220; body_text_color=&#8220;#777777&#8243; body_font_size=&#8220;16px&#8220; body_line_height=&#8220;2em&#8220; custom_css_toggle=&#8220;padding: 0;||margin-bottom: 30px !important;&#8220; custom_css_toggle_title=&#8220;padding: 15px 30px !important;&#8220; custom_css_toggle_icon=&#8220;content: %22%9233%22 !important;||    font-family: ETmodules;||    display: block !important;||    visibility: visible !important;||    position: absolute;||    right: 20px;||    font-size: 16px;||    color: #111111;||    top: 50%;||    margin-top: -.5em;&#8220; custom_css_toggle_content=&#8220;padding: 15px 30px !important;&#8220; global_colors_info=&#8220;{}&#8220;][et_pb_accordion_item title=&#8220;JAK\u00c1 JE PLATNOST STAR\u00ddCH KARET?&#8220; open=&#8220;on&#8220; _builder_version=&#8220;4.14.8&#8243; _module_preset=&#8220;default&#8220; global_colors_info=&#8220;{}&#8220;]<\/p>\n<p>Star\u00e9 karty se vstupy V\u00e1m budou fungovat do 31.8.2022. Pot\u00e9 budou v\u0161echny star\u00e9 karty smaz\u00e1ny.<\/p>\n<p>[\/et_pb_accordion_item][et_pb_accordion_item title=&#8220;MOHU SI P\u0158EV\u00c9ST VSTUPY ZE STAR\u00c9 KARTY?&#8220; _builder_version=&#8220;4.14.8&#8243; _module_preset=&#8220;default&#8220; global_colors_info=&#8220;{}&#8220; open=&#8220;off&#8220;]<\/p>\n<p>P\u0159evod vstup\u016f nen\u00ed mo\u017en\u00fd. Star\u00e9 vstupy je nutn\u00e9 dochodit a a\u017e pot\u00e9 si nakoupit na novou kartu. Novou registraci si m\u016f\u017eete prov\u00e9st a bude V\u00e1m vystavna nov\u00e1 karta i pokud m\u00e1te starou kartu se vstupy. V tomto \u00fa\u010dtu si budete moci tak\u00e9 rezervovat sportovi\u0161t\u011b.<\/p>\n<p>[\/et_pb_accordion_item][et_pb_accordion_item title=&#8220;MOHU SI NECHAT VYSTAVIT KARTU&#8220; _builder_version=&#8220;4.14.8&#8243; _module_preset=&#8220;default&#8220; global_colors_info=&#8220;{}&#8220; open=&#8220;off&#8220;]<\/p>\n<p>Ano. Jako prvn\u00ed se mus\u00edte zaregistrovat na webu rezervace.olympland.cz. Pot\u00e9 si kartu vyzvednete na recepci v restauraci\/hotelu v 1. pat\u0159e pod fitness centrem.<\/p>\n<p>[\/et_pb_accordion_item][et_pb_accordion_item title=&#8220;NAB\u00cdZ\u00cdTE NEOMEZEN\u00c9 PERMANENTKY&#8220; _builder_version=&#8220;4.14.8&#8243; _module_preset=&#8220;default&#8220; global_colors_info=&#8220;{}&#8220; open=&#8220;off&#8220;]<\/p>\n<p>Neomezen\u00e9 \u010dasov\u00e9 permanentky nenab\u00edz\u00edme. Sna\u017e\u00edme se nastavit spravedliv\u00e1 pravidla pro v\u0161echny a chceme aby ka\u017ed\u00fd platil za prochozen\u00e9 vstupy. Po registraci m\u016f\u017eete vyu\u017e\u00edt zv\u00fdhodn\u011bn\u00fdch permanentek v kombinaci se \u010dlenstv\u00edm.\u00a0<\/p>\n<p>[\/et_pb_accordion_item][et_pb_accordion_item title=&#8220;MOHU SI KOUPIT PERMANENTKU BEZ \u010cLENSTV\u00cd?&#8220; _builder_version=&#8220;4.14.8&#8243; _module_preset=&#8220;default&#8220; global_colors_info=&#8220;{}&#8220; open=&#8220;off&#8220;]<\/p>\n<p>V\u00fdhodn\u00e9 v\u00edcevstupov\u00e9 permanentky jsou mo\u017en\u00e9 zakoupit pouze s aktivn\u00edm \u010dlenstv\u00edm.\u00a0<\/p>\n<p>[\/et_pb_accordion_item][et_pb_accordion_item title=&#8220;MUS\u00cdM SI REZERVOVAT SPORTOVI\u0160T\u011a?&#8220; _builder_version=&#8220;4.14.8&#8243; _module_preset=&#8220;default&#8220; global_colors_info=&#8220;{}&#8220; open=&#8220;off&#8220;]<\/p>\n<p>Sportovi\u0161t\u011b nen\u00ed nutn\u00e9 rezervovat. Rezervaci ale v\u00fdrazn\u011b doporu\u010dujeme, jeliko\u017e pokud p\u0159ijde host s rezervac\u00ed mus\u00edte uvolnit sportovi\u0161t\u011b. Rezervaci m\u016f\u017ee prov\u00e9st pouze registrovan\u00fd u\u017eivatel se z\u00e1kaznickou kartou.<\/p>\n<p>[\/et_pb_accordion_item][et_pb_accordion_item title=&#8220;JE REZERVACE SPORTOVI\u0160T\u011a ZDARMA?&#8220; _builder_version=&#8220;4.14.8&#8243; _module_preset=&#8220;default&#8220; global_colors_info=&#8220;{}&#8220; open=&#8220;off&#8220;]<\/p>\n<p>Ne, rezervace sportovi\u0161t\u011b je spoplatn\u011bn\u00e1. Host\u00e9 s aktivn\u00edm \u010dlenstv\u00edm maj\u00ed slevu 50% na rezervaci sportovi\u0161t\u011b. Ceny za rezervace jsou pouze rezerva\u010dn\u00edm poplatkem a je k nim nutn\u00e9 m\u00edt zakoupen\u00fd vstup do fitness centra.<\/p>\n<p>[\/et_pb_accordion_item][\/et_pb_accordion][\/et_pb_column][\/et_pb_row][\/et_pb_section][et_pb_section fb_built=&#8220;1&#8243; _builder_version=&#8220;4.14.8&#8243; _module_preset=&#8220;default&#8220; da_disable_devices=&#8220;off|off|off&#8220; global_colors_info=&#8220;{}&#8220; global_module=&#8220;62617&#8243; saved_tabs=&#8220;all&#8220; da_is_popup=&#8220;off&#8220; da_exit_intent=&#8220;off&#8220; da_has_close=&#8220;on&#8220; da_alt_close=&#8220;off&#8220; da_dark_close=&#8220;off&#8220; da_not_modal=&#8220;on&#8220; da_is_singular=&#8220;off&#8220; da_with_loader=&#8220;off&#8220; da_has_shadow=&#8220;on&#8220;][et_pb_row _builder_version=&#8220;4.14.8&#8243; _module_preset=&#8220;default&#8220; global_colors_info=&#8220;{}&#8220;][et_pb_column type=&#8220;4_4&#8243; _builder_version=&#8220;4.14.8&#8243; _module_preset=&#8220;default&#8220; global_colors_info=&#8220;{}&#8220;][et_pb_text _builder_version=&#8220;4.14.8&#8243; _module_preset=&#8220;default&#8220; text_font=&#8220;Poppins|700||on|||||&#8220; text_font_size=&#8220;85px&#8220; background_layout=&#8220;dark&#8220; text_font_size_tablet=&#8220;96px&#8220; text_font_size_phone=&#8220;50px&#8220; text_font_size_last_edited=&#8220;on|tablet&#8220; text_orientation_tablet=&#8220;center&#8220; text_orientation_phone=&#8220;&#8220; text_orientation_last_edited=&#8220;on|tablet&#8220; custom_css_main_element=&#8220;-webkit-text-stroke: 1px rgba(214,214,214,0.5);||    position: absolute;||    top: 3%;||    left: 50%;||    transform: translate(-50%,-50%);||    z-index: -1;||    width: 100%;||&#8220; locked=&#8220;off&#8220; global_colors_info=&#8220;{}&#8220; custom_css_main_element_last_edited=&#8220;on|phone&#8220; custom_css_main_element_phone=&#8220;-webkit-text-stroke: 1px rgba(214,214,214,0.5);||    position: absolute;||    top: 0%;||    left: 50%;||    transform: translate(-50%,-50%);||    z-index: -1;||    width: 100%;&#8220; custom_css_main_element_tablet=&#8220;-webkit-text-stroke: 1px rgba(214,214,214,0.5);||    position: absolute;||    top: 3%;||    left: 50%;||    transform: translate(-50%,-50%);||    z-index: -1;||    width: 100%;||&#8220;]<\/p>\n<p>kontakty<\/p>\n<p>[\/et_pb_text][et_pb_text _builder_version=&#8220;4.14.8&#8243; _module_preset=&#8220;default&#8220; text_font=&#8220;Poppins|700|||||||&#8220; text_text_color=&#8220;#111111&#8243; text_font_size=&#8220;54px&#8220; text_line_height=&#8220;64px&#8220; custom_margin=&#8220;||5px||false|false&#8220; custom_padding=&#8220;0px||0px|||&#8220; text_font_size_tablet=&#8220;40px&#8220; text_font_size_phone=&#8220;25px&#8220; text_font_size_last_edited=&#8220;on|tablet&#8220; text_line_height_tablet=&#8220;45px&#8220; text_line_height_phone=&#8220;30px&#8220; text_line_height_last_edited=&#8220;on|phone&#8220; text_orientation_tablet=&#8220;center&#8220; text_orientation_phone=&#8220;&#8220; text_orientation_last_edited=&#8220;on|tablet&#8220; locked=&#8220;off&#8220; global_colors_info=&#8220;{}&#8220;]<\/p>\n<p>Napi\u0161te n\u00e1m<\/p>\n<p>[\/et_pb_text][et_pb_contact_form email=&#8220;fitness@olympland.cz&#8220; success_message=&#8220;\u00dasp\u011b\u0161n\u011b odesl\u00e1no&#8220; submit_button_text=&#8220;Odeslat&#8220; _builder_version=&#8220;4.14.8&#8243; _module_preset=&#8220;default&#8220; _unique_id=&#8220;ca14284e-ba4b-44bb-85b9-dfc26eda9859&#8243; custom_button=&#8220;on&#8220; button_text_color=&#8220;#FFFFFF&#8220; global_colors_info=&#8220;{}&#8220;][et_pb_contact_field field_id=&#8220;jmeno&#8220; field_title=&#8220;Jm\u00e9no&#8220; _builder_version=&#8220;4.14.8&#8243; global_colors_info=&#8220;{}&#8220; button_text_size__hover_enabled=&#8220;off&#8220; button_one_text_size__hover_enabled=&#8220;off&#8220; button_two_text_size__hover_enabled=&#8220;off&#8220; button_text_color__hover_enabled=&#8220;off&#8220; button_one_text_color__hover_enabled=&#8220;off&#8220; button_two_text_color__hover_enabled=&#8220;off&#8220; button_border_width__hover_enabled=&#8220;off&#8220; button_one_border_width__hover_enabled=&#8220;off&#8220; button_two_border_width__hover_enabled=&#8220;off&#8220; button_border_color__hover_enabled=&#8220;off&#8220; button_one_border_color__hover_enabled=&#8220;off&#8220; button_two_border_color__hover_enabled=&#8220;off&#8220; button_border_radius__hover_enabled=&#8220;off&#8220; button_one_border_radius__hover_enabled=&#8220;off&#8220; button_two_border_radius__hover_enabled=&#8220;off&#8220; button_letter_spacing__hover_enabled=&#8220;off&#8220; button_one_letter_spacing__hover_enabled=&#8220;off&#8220; button_two_letter_spacing__hover_enabled=&#8220;off&#8220; button_bg_color__hover_enabled=&#8220;off&#8220; button_one_bg_color__hover_enabled=&#8220;off&#8220; button_two_bg_color__hover_enabled=&#8220;off&#8220;][\/et_pb_contact_field][et_pb_contact_field field_id=&#8220;Email&#8220; field_title=&#8220;E-mailov\u00e1 adresa&#8220; field_type=&#8220;email&#8220; _builder_version=&#8220;3.16&#8243; global_colors_info=&#8220;{}&#8220; button_text_size__hover_enabled=&#8220;off&#8220; button_one_text_size__hover_enabled=&#8220;off&#8220; button_two_text_size__hover_enabled=&#8220;off&#8220; button_text_color__hover_enabled=&#8220;off&#8220; button_one_text_color__hover_enabled=&#8220;off&#8220; button_two_text_color__hover_enabled=&#8220;off&#8220; button_border_width__hover_enabled=&#8220;off&#8220; button_one_border_width__hover_enabled=&#8220;off&#8220; button_two_border_width__hover_enabled=&#8220;off&#8220; button_border_color__hover_enabled=&#8220;off&#8220; button_one_border_color__hover_enabled=&#8220;off&#8220; button_two_border_color__hover_enabled=&#8220;off&#8220; button_border_radius__hover_enabled=&#8220;off&#8220; button_one_border_radius__hover_enabled=&#8220;off&#8220; button_two_border_radius__hover_enabled=&#8220;off&#8220; button_letter_spacing__hover_enabled=&#8220;off&#8220; button_one_letter_spacing__hover_enabled=&#8220;off&#8220; button_two_letter_spacing__hover_enabled=&#8220;off&#8220; button_bg_color__hover_enabled=&#8220;off&#8220; button_one_bg_color__hover_enabled=&#8220;off&#8220; button_two_bg_color__hover_enabled=&#8220;off&#8220;][\/et_pb_contact_field][et_pb_contact_field field_id=&#8220;zprava&#8220; field_title=&#8220;Zpr\u00e1va&#8220; field_type=&#8220;text&#8220; fullwidth_field=&#8220;on&#8220; _builder_version=&#8220;4.14.8&#8243; global_colors_info=&#8220;{}&#8220; button_text_size__hover_enabled=&#8220;off&#8220; button_one_text_size__hover_enabled=&#8220;off&#8220; button_two_text_size__hover_enabled=&#8220;off&#8220; button_text_color__hover_enabled=&#8220;off&#8220; button_one_text_color__hover_enabled=&#8220;off&#8220; button_two_text_color__hover_enabled=&#8220;off&#8220; button_border_width__hover_enabled=&#8220;off&#8220; button_one_border_width__hover_enabled=&#8220;off&#8220; button_two_border_width__hover_enabled=&#8220;off&#8220; button_border_color__hover_enabled=&#8220;off&#8220; button_one_border_color__hover_enabled=&#8220;off&#8220; button_two_border_color__hover_enabled=&#8220;off&#8220; button_border_radius__hover_enabled=&#8220;off&#8220; button_one_border_radius__hover_enabled=&#8220;off&#8220; button_two_border_radius__hover_enabled=&#8220;off&#8220; button_letter_spacing__hover_enabled=&#8220;off&#8220; button_one_letter_spacing__hover_enabled=&#8220;off&#8220; button_two_letter_spacing__hover_enabled=&#8220;off&#8220; button_bg_color__hover_enabled=&#8220;off&#8220; button_one_bg_color__hover_enabled=&#8220;off&#8220; button_two_bg_color__hover_enabled=&#8220;off&#8220;][\/et_pb_contact_field][\/et_pb_contact_form][\/et_pb_column][\/et_pb_row][\/et_pb_section]<\/p>","protected":false},"excerpt":{"rendered":"<p>Nov\u00fd syst\u00e9mSyst\u00e9m ve zkratceCel\u00fd nov\u00fd syst\u00e9m se odehr\u00e1v\u00e1 na internetov\u00e9 str\u00e1nce rezervace.olympland.cz. Zde si budete moci zakupovat \u010dlenstv\u00ed, permanentky, dob\u00edjet kredit a rezervovat sportovi\u0161t\u011b. Zde m\u016f\u017eete vid\u011bt 3 varianty vstupu ve zkratce. Dal\u0161\u00ed informace naleznete v \u010dast\u00fdch dotazech dole. Pokud V\u00e1m n\u011bco nen\u00ed jasn\u00e9, pros\u00edm kontaktujte n\u00e1s emailem na fitness.olympland.cz1. Bez registrace online &#8211; M\u016f\u017eete [&hellip;]<\/p>","protected":false},"author":2,"featured_media":0,"parent":0,"menu_order":0,"comment_status":"closed","ping_status":"closed","template":"","meta":{"_et_pb_use_builder":"on","_et_pb_old_content":"","_et_gb_content_width":"","footnotes":""},"_links":{"self":[{"href":"https:\/\/fitness.olympland.cz\/pl\/wp-json\/wp\/v2\/pages\/62576"}],"collection":[{"href":"https:\/\/fitness.olympland.cz\/pl\/wp-json\/wp\/v2\/pages"}],"about":[{"href":"https:\/\/fitness.olympland.cz\/pl\/wp-json\/wp\/v2\/types\/page"}],"author":[{"embeddable":true,"href":"https:\/\/fitness.olympland.cz\/pl\/wp-json\/wp\/v2\/users\/2"}],"replies":[{"embeddable":true,"href":"https:\/\/fitness.olympland.cz\/pl\/wp-json\/wp\/v2\/comments?post=62576"}],"version-history":[{"count":5,"href":"https:\/\/fitness.olympland.cz\/pl\/wp-json\/wp\/v2\/pages\/62576\/revisions"}],"predecessor-version":[{"id":62618,"href":"https:\/\/fitness.olympland.cz\/pl\/wp-json\/wp\/v2\/pages\/62576\/revisions\/62618"}],"wp:attachment":[{"href":"https:\/\/fitness.olympland.cz\/pl\/wp-json\/wp\/v2\/media?parent=62576"}],"curies":[{"name":"wp","href":"https:\/\/api.w.org\/{rel}","templated":true}]}}